{"id":264,"date":"2021-07-16T15:00:10","date_gmt":"2021-07-16T13:00:10","guid":{"rendered":"https:\/\/laurentmorin.ivimedia.website\/sitepro\/?page_id=264"},"modified":"2025-08-13T01:32:56","modified_gmt":"2025-08-12T23:32:56","slug":"portrait","status":"publish","type":"page","link":"https:\/\/morinlaurent.fr\/politique\/portrait\/","title":{"rendered":"Portrait"},"content":{"rendered":"\t\t<div data-elementor-type=\"wp-page\" data-elementor-id=\"264\" class=\"elementor elementor-264\" data-elementor-settings=\"[]\">\n\t\t\t\t\t\t\t<div class=\"elementor-section-wrap\">\n\t\t\t\t\t\t\t<section data-particle_enable=\"false\" data-particle-mobile-disabled=\"false\" class=\"elementor-section elementor-top-section elementor-element elementor-element-6fc8c47 elementor-section-boxed elementor-section-height-default elementor-section-height-default\" data-id=\"6fc8c47\" data-element_type=\"section\" data-settings=\"{&quot;background_background&quot;:&quot;classic&quot;}\">\n\t\t\t\t\t\t<div class=\"elementor-container elementor-column-gap-default\">\n\t\t\t\t\t<div class=\"elementor-column elementor-col-100 elementor-top-column elementor-element elementor-element-183ee96\" data-id=\"183ee96\" data-element_type=\"column\">\n\t\t\t<div class=\"elementor-widget-wrap elementor-element-populated\">\n\t\t\t\t\t\t\t\t<div class=\"elementor-element elementor-element-dcd11e9 elementor-widget elementor-widget-spacer\" data-id=\"dcd11e9\" data-element_type=\"widget\" data-widget_type=\"spacer.default\">\n\t\t\t\t<div class=\"elementor-widget-container\">\n\t\t\t\t\t<div class=\"elementor-spacer\">\n\t\t\t<div class=\"elementor-spacer-inner\"><\/div>\n\t\t<\/div>\n\t\t\t\t<\/div>\n\t\t\t\t<\/div>\n\t\t\t\t<div class=\"elementor-element elementor-element-c2f723f elementor-widget elementor-widget-spacer\" data-id=\"c2f723f\" data-element_type=\"widget\" data-widget_type=\"spacer.default\">\n\t\t\t\t<div class=\"elementor-widget-container\">\n\t\t\t\t\t<div class=\"elementor-spacer\">\n\t\t\t<div class=\"elementor-spacer-inner\"><\/div>\n\t\t<\/div>\n\t\t\t\t<\/div>\n\t\t\t\t<\/div>\n\t\t\t\t\t<\/div>\n\t\t<\/div>\n\t\t\t\t\t\t\t<\/div>\n\t\t<\/section>\n\t\t\t\t<section data-particle_enable=\"false\" data-particle-mobile-disabled=\"false\" class=\"elementor-section elementor-top-section elementor-element elementor-element-43d37d6 elementor-section-boxed elementor-section-height-default elementor-section-height-default\" data-id=\"43d37d6\" data-element_type=\"section\">\n\t\t\t\t\t\t<div class=\"elementor-container elementor-column-gap-default\">\n\t\t\t\t\t<div class=\"elementor-column elementor-col-100 elementor-top-column elementor-element elementor-element-c3d1ebc\" data-id=\"c3d1ebc\" data-element_type=\"column\">\n\t\t\t<div class=\"elementor-widget-wrap elementor-element-populated\">\n\t\t\t\t\t\t\t\t<div class=\"elementor-element elementor-element-6021bac elementor-widget elementor-widget-spacer\" data-id=\"6021bac\" data-element_type=\"widget\" data-widget_type=\"spacer.default\">\n\t\t\t\t<div class=\"elementor-widget-container\">\n\t\t\t\t\t<div class=\"elementor-spacer\">\n\t\t\t<div class=\"elementor-spacer-inner\"><\/div>\n\t\t<\/div>\n\t\t\t\t<\/div>\n\t\t\t\t<\/div>\n\t\t\t\t<div class=\"elementor-element elementor-element-48dd888 elementor-widget elementor-widget-heading\" data-id=\"48dd888\" data-element_type=\"widget\" data-widget_type=\"heading.default\">\n\t\t\t\t<div class=\"elementor-widget-container\">\n\t\t\t<h1 class=\"elementor-heading-title elementor-size-default\">Portrait<\/h1>\t\t<\/div>\n\t\t\t\t<\/div>\n\t\t\t\t<div class=\"elementor-element elementor-element-c61c9a9 elementor-widget elementor-widget-heading\" data-id=\"c61c9a9\" data-element_type=\"widget\" data-widget_type=\"heading.default\">\n\t\t\t\t<div class=\"elementor-widget-container\">\n\t\t\t<h1 class=\"elementor-heading-title elementor-size-default\">________<\/h1>\t\t<\/div>\n\t\t\t\t<\/div>\n\t\t\t\t\t<\/div>\n\t\t<\/div>\n\t\t\t\t\t\t\t<\/div>\n\t\t<\/section>\n\t\t\t\t<section data-particle_enable=\"false\" data-particle-mobile-disabled=\"false\" class=\"elementor-section elementor-top-section elementor-element elementor-element-394b89c elementor-section-boxed elementor-section-height-default elementor-section-height-default\" data-id=\"394b89c\" data-element_type=\"section\">\n\t\t\t\t\t\t<div class=\"elementor-container elementor-column-gap-default\">\n\t\t\t\t\t<div class=\"elementor-column elementor-col-100 elementor-top-column elementor-element elementor-element-a7f540b\" data-id=\"a7f540b\" data-element_type=\"column\">\n\t\t\t<div class=\"elementor-widget-wrap elementor-element-populated\">\n\t\t\t\t\t\t\t\t<div class=\"elementor-element elementor-element-47f1c9f elementor-widget elementor-widget-spacer\" data-id=\"47f1c9f\" data-element_type=\"widget\" data-widget_type=\"spacer.default\">\n\t\t\t\t<div class=\"elementor-widget-container\">\n\t\t\t\t\t<div class=\"elementor-spacer\">\n\t\t\t<div class=\"elementor-spacer-inner\"><\/div>\n\t\t<\/div>\n\t\t\t\t<\/div>\n\t\t\t\t<\/div>\n\t\t\t\t\t<\/div>\n\t\t<\/div>\n\t\t\t\t\t\t\t<\/div>\n\t\t<\/section>\n\t\t\t\t<section data-particle_enable=\"false\" data-particle-mobile-disabled=\"false\" class=\"elementor-section elementor-top-section elementor-element elementor-element-65dc236 elementor-section-boxed elementor-section-height-default elementor-section-height-default\" data-id=\"65dc236\" data-element_type=\"section\">\n\t\t\t\t\t\t<div class=\"elementor-container elementor-column-gap-default\">\n\t\t\t\t\t<div class=\"elementor-column elementor-col-50 elementor-top-column elementor-element elementor-element-a06772f\" data-id=\"a06772f\" data-element_type=\"column\">\n\t\t\t<div class=\"elementor-widget-wrap elementor-element-populated\">\n\t\t\t\t\t\t\t\t<div class=\"elementor-element elementor-element-16f2dc4 elementor-widget elementor-widget-image\" data-id=\"16f2dc4\" data-element_type=\"widget\" data-widget_type=\"image.default\">\n\t\t\t\t<div class=\"elementor-widget-container\">\n\t\t\t\t\t\t\t\t\t\t\t\t\t\t\t<img width=\"640\" height=\"757\" src=\"https:\/\/morinlaurent.fr\/politique\/wp-content\/uploads\/2021\/10\/LM-866x1024.jpeg\" class=\"attachment-large size-large\" alt=\"\" srcset=\"https:\/\/morinlaurent.fr\/politique\/wp-content\/uploads\/2021\/10\/LM-866x1024.jpeg 866w, https:\/\/morinlaurent.fr\/politique\/wp-content\/uploads\/2021\/10\/LM-254x300.jpeg 254w, https:\/\/morinlaurent.fr\/politique\/wp-content\/uploads\/2021\/10\/LM-768x908.jpeg 768w, https:\/\/morinlaurent.fr\/politique\/wp-content\/uploads\/2021\/10\/LM-1299x1536.jpeg 1299w, https:\/\/morinlaurent.fr\/politique\/wp-content\/uploads\/2021\/10\/LM-1732x2048.jpeg 1732w, https:\/\/morinlaurent.fr\/politique\/wp-content\/uploads\/2021\/10\/LM.jpeg 1952w\" sizes=\"(max-width: 640px) 100vw, 640px\" \/>\t\t\t\t\t\t\t\t\t\t\t\t\t\t\t<\/div>\n\t\t\t\t<\/div>\n\t\t\t\t\t<\/div>\n\t\t<\/div>\n\t\t\t\t<div class=\"elementor-column elementor-col-50 elementor-top-column elementor-element elementor-element-c898f5c\" data-id=\"c898f5c\" data-element_type=\"column\">\n\t\t\t<div class=\"elementor-widget-wrap elementor-element-populated\">\n\t\t\t\t\t\t\t\t<div class=\"elementor-element elementor-element-d9ff198 elementor-widget elementor-widget-text-editor\" data-id=\"d9ff198\" data-element_type=\"widget\" data-widget_type=\"text-editor.default\">\n\t\t\t\t<div class=\"elementor-widget-container\">\n\t\t\t\t\t\t\t<p>Premier adjoint au Maire de Mantes-la-Ville entre 2014 et 2020 en charge des finances, du budget et de l\u2019urbanisme, j\u2019ai \u00e9galement \u00e9t\u00e9 conseiller communautaire au sein de la Communaut\u00e9 Urbaine Grand Paris Seine &amp; Oise entre 2017 et 2020.<\/p><p>\u00a0<\/p><p>Candidat t\u00eate de liste en 2017 et 2023 aux \u00e9lections s\u00e9natoriales dans les Yvelines, en 2021 aux \u00e9lections d\u00e9partementales sur le canton de Bonni\u00e8res-sur-Seine, en 2022\u00a0aux <a href=\"https:\/\/fr.wikipedia.org\/wiki\/\u00c9lections_l\u00e9gislatives_de_2022_dans_les_Yvelines\">\u00e9lections l\u00e9gislatives sur la 9\u00e8me circonscription des Yvelines,<\/a>\u00a0puis en 2024 aux <a href=\"https:\/\/fr.wikipedia.org\/wiki\/\u00c9lections_l\u00e9gislatives_de_2024_dans_les_Yvelines\">\u00e9lections l\u00e9gislatives anticip\u00e9es sur la 9\u00e8me circonscription des Yvelines<\/a> suite \u00e0 la dissolution de l&rsquo;Assembl\u00e9e Nationale prononc\u00e9e par Emmanuel Macron, je suis conseiller r\u00e9gional \u00cele-de-France depuis 2021 (commission environnement d\u00e8s le d\u00e9but du mandat, \u00e0 laquelle s&rsquo;ajoute la commission sport \u00e0 partir de 2025) et conseiller municipal \u00e0 Mantes-la-Ville depuis 2020.<\/p><p>\u00a0<\/p><p>Je suis par ailleurs D\u00e9l\u00e9gu\u00e9 D\u00e9partemental RN des Yvelines depuis 2020.<\/p>\t\t\t\t\t\t<\/div>\n\t\t\t\t<\/div>\n\t\t\t\t\t<\/div>\n\t\t<\/div>\n\t\t\t\t\t\t\t<\/div>\n\t\t<\/section>\n\t\t\t\t<section data-particle_enable=\"false\" data-particle-mobile-disabled=\"false\" class=\"elementor-section elementor-top-section elementor-element elementor-element-26d0f20 elementor-section-boxed elementor-section-height-default elementor-section-height-default\" data-id=\"26d0f20\" data-element_type=\"section\">\n\t\t\t\t\t\t<div class=\"elementor-container elementor-column-gap-default\">\n\t\t\t\t\t<div class=\"elementor-column elementor-col-100 elementor-top-column elementor-element elementor-element-d973e96\" data-id=\"d973e96\" data-element_type=\"column\">\n\t\t\t<div class=\"elementor-widget-wrap elementor-element-populated\">\n\t\t\t\t\t\t\t\t<div class=\"elementor-element elementor-element-bb4c3f7 elementor-widget elementor-widget-spacer\" data-id=\"bb4c3f7\" data-element_type=\"widget\" data-widget_type=\"spacer.default\">\n\t\t\t\t<div class=\"elementor-widget-container\">\n\t\t\t\t\t<div class=\"elementor-spacer\">\n\t\t\t<div class=\"elementor-spacer-inner\"><\/div>\n\t\t<\/div>\n\t\t\t\t<\/div>\n\t\t\t\t<\/div>\n\t\t\t\t\t<\/div>\n\t\t<\/div>\n\t\t\t\t\t\t\t<\/div>\n\t\t<\/section>\n\t\t\t\t\t\t<\/div>\n\t\t\t\t\t<\/div>\n\t\t","protected":false},"excerpt":{"rendered":"<p>Portrait ________ Premier adjoint au Maire de Mantes-la-Ville entre 2014 et 2020 en charge des finances, du budget et de l\u2019urbanisme, j\u2019ai \u00e9galement \u00e9t\u00e9 conseiller communautaire au sein de la Communaut\u00e9 Urbaine Grand Paris Seine &amp; Oise entre 2017 et 2020. \u00a0 Candidat t\u00eate de liste en 2017 et 2023 aux \u00e9lections s\u00e9natoriales dans les [&hellip;]<\/p>\n","protected":false},"author":1,"featured_media":0,"parent":0,"menu_order":0,"comment_status":"closed","ping_status":"closed","template":"elementor_header_footer","meta":[],"yoast_head":"<!-- This site is optimized with the Yoast SEO plugin v17.5 - https:\/\/yoast.com\/wordpress\/plugins\/seo\/ -->\n<title>Portrait - Laurent Morin<\/title>\n<meta name=\"description\" content=\"Premier adjoint au Maire de Mantes-la-Ville entre 2014 et 2020 en charge des finances, du budget et de l\u2019urbanisme ...\" \/>\n<meta name=\"robots\" content=\"index, follow, max-snippet:-1, max-image-preview:large, max-video-preview:-1\" \/>\n<link rel=\"canonical\" href=\"https:\/\/morinlaurent.fr\/politique\/portrait\/\" \/>\n<meta property=\"og:locale\" content=\"fr_FR\" \/>\n<meta property=\"og:type\" content=\"article\" \/>\n<meta property=\"og:title\" content=\"Portrait - Laurent Morin\" \/>\n<meta property=\"og:description\" content=\"Premier adjoint au Maire de Mantes-la-Ville entre 2014 et 2020 en charge des finances, du budget et de l\u2019urbanisme ...\" \/>\n<meta property=\"og:url\" content=\"https:\/\/morinlaurent.fr\/politique\/portrait\/\" \/>\n<meta property=\"og:site_name\" content=\"Laurent Morin\" \/>\n<meta property=\"article:modified_time\" content=\"2025-08-12T23:32:56+00:00\" \/>\n<meta property=\"og:image\" content=\"https:\/\/morinlaurent.fr\/politique\/wp-content\/uploads\/2021\/10\/LM-866x1024.jpeg\" \/>\n<meta name=\"twitter:card\" content=\"summary_large_image\" \/>\n<meta name=\"twitter:label1\" content=\"Dur\u00e9e de lecture est.\" \/>\n\t<meta name=\"twitter:data1\" content=\"1 minute\" \/>\n<script type=\"application\/ld+json\" class=\"yoast-schema-graph\">{\"@context\":\"https:\/\/schema.org\",\"@graph\":[{\"@type\":\"WebSite\",\"@id\":\"https:\/\/morinlaurent.fr\/politique\/#website\",\"url\":\"https:\/\/morinlaurent.fr\/politique\/\",\"name\":\"Laurent Morin\",\"description\":\"Partie politique\",\"potentialAction\":[{\"@type\":\"SearchAction\",\"target\":{\"@type\":\"EntryPoint\",\"urlTemplate\":\"https:\/\/morinlaurent.fr\/politique\/?s={search_term_string}\"},\"query-input\":\"required name=search_term_string\"}],\"inLanguage\":\"fr-FR\"},{\"@type\":\"ImageObject\",\"@id\":\"https:\/\/morinlaurent.fr\/politique\/portrait\/#primaryimage\",\"inLanguage\":\"fr-FR\",\"url\":\"https:\/\/morinlaurent.fr\/politique\/wp-content\/uploads\/2021\/10\/LM.jpeg\",\"contentUrl\":\"https:\/\/morinlaurent.fr\/politique\/wp-content\/uploads\/2021\/10\/LM.jpeg\",\"width\":1952,\"height\":2308},{\"@type\":\"WebPage\",\"@id\":\"https:\/\/morinlaurent.fr\/politique\/portrait\/#webpage\",\"url\":\"https:\/\/morinlaurent.fr\/politique\/portrait\/\",\"name\":\"Portrait - Laurent Morin\",\"isPartOf\":{\"@id\":\"https:\/\/morinlaurent.fr\/politique\/#website\"},\"primaryImageOfPage\":{\"@id\":\"https:\/\/morinlaurent.fr\/politique\/portrait\/#primaryimage\"},\"datePublished\":\"2021-07-16T13:00:10+00:00\",\"dateModified\":\"2025-08-12T23:32:56+00:00\",\"description\":\"Premier adjoint au Maire de Mantes-la-Ville entre 2014 et 2020 en charge des finances, du budget et de l\\u2019urbanisme ...\",\"breadcrumb\":{\"@id\":\"https:\/\/morinlaurent.fr\/politique\/portrait\/#breadcrumb\"},\"inLanguage\":\"fr-FR\",\"potentialAction\":[{\"@type\":\"ReadAction\",\"target\":[\"https:\/\/morinlaurent.fr\/politique\/portrait\/\"]}]},{\"@type\":\"BreadcrumbList\",\"@id\":\"https:\/\/morinlaurent.fr\/politique\/portrait\/#breadcrumb\",\"itemListElement\":[{\"@type\":\"ListItem\",\"position\":1,\"name\":\"Accueil\",\"item\":\"https:\/\/morinlaurent.fr\/politique\/\"},{\"@type\":\"ListItem\",\"position\":2,\"name\":\"Portrait\"}]}]}<\/script>\n<!-- \/ Yoast SEO plugin. -->","yoast_head_json":{"title":"Portrait - Laurent Morin","description":"Premier adjoint au Maire de Mantes-la-Ville entre 2014 et 2020 en charge des finances, du budget et de l\u2019urbanisme ...","robots":{"index":"index","follow":"follow","max-snippet":"max-snippet:-1","max-image-preview":"max-image-preview:large","max-video-preview":"max-video-preview:-1"},"canonical":"https:\/\/morinlaurent.fr\/politique\/portrait\/","og_locale":"fr_FR","og_type":"article","og_title":"Portrait - Laurent Morin","og_description":"Premier adjoint au Maire de Mantes-la-Ville entre 2014 et 2020 en charge des finances, du budget et de l\u2019urbanisme ...","og_url":"https:\/\/morinlaurent.fr\/politique\/portrait\/","og_site_name":"Laurent Morin","article_modified_time":"2025-08-12T23:32:56+00:00","og_image":[{"url":"https:\/\/morinlaurent.fr\/politique\/wp-content\/uploads\/2021\/10\/LM-866x1024.jpeg"}],"twitter_card":"summary_large_image","twitter_misc":{"Dur\u00e9e de lecture est.":"1 minute"},"schema":{"@context":"https:\/\/schema.org","@graph":[{"@type":"WebSite","@id":"https:\/\/morinlaurent.fr\/politique\/#website","url":"https:\/\/morinlaurent.fr\/politique\/","name":"Laurent Morin","description":"Partie politique","potentialAction":[{"@type":"SearchAction","target":{"@type":"EntryPoint","urlTemplate":"https:\/\/morinlaurent.fr\/politique\/?s={search_term_string}"},"query-input":"required name=search_term_string"}],"inLanguage":"fr-FR"},{"@type":"ImageObject","@id":"https:\/\/morinlaurent.fr\/politique\/portrait\/#primaryimage","inLanguage":"fr-FR","url":"https:\/\/morinlaurent.fr\/politique\/wp-content\/uploads\/2021\/10\/LM.jpeg","contentUrl":"https:\/\/morinlaurent.fr\/politique\/wp-content\/uploads\/2021\/10\/LM.jpeg","width":1952,"height":2308},{"@type":"WebPage","@id":"https:\/\/morinlaurent.fr\/politique\/portrait\/#webpage","url":"https:\/\/morinlaurent.fr\/politique\/portrait\/","name":"Portrait - Laurent Morin","isPartOf":{"@id":"https:\/\/morinlaurent.fr\/politique\/#website"},"primaryImageOfPage":{"@id":"https:\/\/morinlaurent.fr\/politique\/portrait\/#primaryimage"},"datePublished":"2021-07-16T13:00:10+00:00","dateModified":"2025-08-12T23:32:56+00:00","description":"Premier adjoint au Maire de Mantes-la-Ville entre 2014 et 2020 en charge des finances, du budget et de l\u2019urbanisme ...","breadcrumb":{"@id":"https:\/\/morinlaurent.fr\/politique\/portrait\/#breadcrumb"},"inLanguage":"fr-FR","potentialAction":[{"@type":"ReadAction","target":["https:\/\/morinlaurent.fr\/politique\/portrait\/"]}]},{"@type":"BreadcrumbList","@id":"https:\/\/morinlaurent.fr\/politique\/portrait\/#breadcrumb","itemListElement":[{"@type":"ListItem","position":1,"name":"Accueil","item":"https:\/\/morinlaurent.fr\/politique\/"},{"@type":"ListItem","position":2,"name":"Portrait"}]}]}},"_links":{"self":[{"href":"https:\/\/morinlaurent.fr\/politique\/wp-json\/wp\/v2\/pages\/264"}],"collection":[{"href":"https:\/\/morinlaurent.fr\/politique\/wp-json\/wp\/v2\/pages"}],"about":[{"href":"https:\/\/morinlaurent.fr\/politique\/wp-json\/wp\/v2\/types\/page"}],"author":[{"embeddable":true,"href":"https:\/\/morinlaurent.fr\/politique\/wp-json\/wp\/v2\/users\/1"}],"replies":[{"embeddable":true,"href":"https:\/\/morinlaurent.fr\/politique\/wp-json\/wp\/v2\/comments?post=264"}],"version-history":[{"count":72,"href":"https:\/\/morinlaurent.fr\/politique\/wp-json\/wp\/v2\/pages\/264\/revisions"}],"predecessor-version":[{"id":1570,"href":"https:\/\/morinlaurent.fr\/politique\/wp-json\/wp\/v2\/pages\/264\/revisions\/1570"}],"wp:attachment":[{"href":"https:\/\/morinlaurent.fr\/politique\/wp-json\/wp\/v2\/media?parent=264"}],"curies":[{"name":"wp","href":"https:\/\/api.w.org\/{rel}","templated":true}]}}